{"id":4334,"date":"2023-10-31T06:30:50","date_gmt":"2023-10-31T04:30:50","guid":{"rendered":"https:\/\/www.juhola.com\/privacy-policy\/"},"modified":"2023-12-10T15:35:12","modified_gmt":"2023-12-10T13:35:12","slug":"privacy-policy","status":"publish","type":"page","link":"https:\/\/www.juhola.com\/en\/privacy-policy\/","title":{"rendered":"Privacy Policy"},"content":{"rendered":"<h2 class=\"wp-block-post-title\">Privacy Policy<\/h2>\n\n\n<p><strong>Laatimisp\u00e4iv\u00e4<\/strong><\/p>\n\n\n\n<p>04.01.2018<\/p>\n\n\n\n<p><strong>Rekisterinpit\u00e4j\u00e4<\/strong><\/p>\n\n\n\n<p>Juhola Asset Management Oy<\/p>\n\n\n\n<p><strong>Yhteyshenkil\u00f6 rekisteri\u00e4<\/strong> <strong>koskevissa asioissa<\/strong><\/p>\n\n\n\n<p>Tommi Juhola<\/p>\n\n\n\n<p><strong>Rekisterin nimi<\/strong><\/p>\n\n\n\n<p>Asiakasrekisteri<\/p>\n\n\n\n<p><strong>Henkil\u00f6tietojen k\u00e4sittelyn<\/strong> <strong>tarkoitus<\/strong><\/p>\n\n\n\n<p>Rekisterin k\u00e4ytt\u00f6tarkoitus on yrityksen asiakasrekisterin yll\u00e4pit\u00e4minen, asiakkaiden tilausten hallinnointi, arkistointi ja k\u00e4sittely sek\u00e4 asiakassuhteen hoitaminen.<\/p>\n\n\n\n<p>Tietoja voidaan k\u00e4ytt\u00e4\u00e4 yrityksen toiminnan kehitt\u00e4miseen, tilastollisiin tarkoitukseen ja henkil\u00f6kohtaisemman kohdennetun sis\u00e4ll\u00f6n tuottamiseen verkkopalveluissamme. Henkil\u00f6tietoja k\u00e4sitell\u00e4\u00e4n henkil\u00f6tietolain sallimissa ja edellytt\u00e4miss\u00e4 rajoissa.<\/p>\n\n\n\n<p>Rekisterin tietoja voidaan k\u00e4ytt\u00e4\u00e4 yrityksen omissa rekistereiss\u00e4 esimerkiksi mainonnan kohdistamiseen luovuttamatta henkil\u00f6tietoja ulkopuolisille tahoille. Yritys saattaa k\u00e4ytt\u00e4\u00e4 asiakas- ja palvelusuhteen yll\u00e4pit\u00e4miseen yhteisty\u00f6kumppaneita, jolloin osia rekisteritiedoista saatetaan siirt\u00e4\u00e4 yhteisty\u00f6kumppanin palvelimille teknisten vaatimusten vuoksi. Tietoja k\u00e4sitell\u00e4\u00e4n ainoastaan yrityksen asiakassuhteen yll\u00e4pit\u00e4miseen teknisten rajapintojen kautta.<\/p>\n\n\n\n<p>Yrityksell\u00e4 on oikeus julkaista asiakasrekisterin sis\u00e4lt\u00e4mi\u00e4 tietoja s\u00e4hk\u00f6isen\u00e4 tai kirjallisena luettelona, ellei asiakas sit\u00e4 erityisesti kiell\u00e4. Luettelolla tarkoitetaan t\u00e4ss\u00e4 tapauksessa esim. postitustarroja suoramainoksiin tai vastaavia. Asiakkaalla on oikeus kielt\u00e4\u00e4 tietojen julkaiseminen ilmoittamalla siit\u00e4 yrityksen asiakaspalveluun, s\u00e4hk\u00f6postitse (s-postiosoite) tai rekisterin yhteyshenkil\u00f6lle.<\/p>\n\n\n\n<p><strong>Rekisterin tietosis\u00e4lt\u00f6<\/strong><\/p>\n\n\n\n<p>Henkil\u00f6rekisteri sis\u00e4lt\u00e4\u00e4 seuraavia tietoja:<\/p>\n\n\n\n<ul class=\"wp-block-list\">\n<li>Henkil\u00f6n etu- ja sukunimi<\/li>\n\n\n\n<li>Edustamansa yhteis\u00f6<\/li>\n\n\n\n<li>S\u00e4hk\u00f6postiosoite<\/li>\n\n\n\n<li>Postiosoite<\/li>\n\n\n\n<li>Puhelinnumero<\/li>\n<\/ul>\n\n\n\n<p><strong>S\u00e4\u00e4nn\u00f6nmukaiset<\/strong> <strong>tietol\u00e4hteet<\/strong><\/p>\n\n\n\n<p>Tietoja asiakkaan kanssa solmituista sopimuksista sek\u00e4 asiakassuhteen aikana asiakkaan tekemist\u00e4 ilmoituksista. Nimi- ja yhteystietojen p\u00e4ivityksi\u00e4 saadaan my\u00f6s p\u00e4ivityspalveluja tarjoavilta viranomaisilta ja yrityksilt\u00e4.<\/p>\n\n\n\n<p>Tietoja voidaan saada my\u00f6s alihankkijoilta, jotka liittyv\u00e4t palvelun k\u00e4ytt\u00e4miseen tai tuottamiseen.<\/p>\n\n\n\n<p>Asiakkaiden muista toimista digitaalisessa ymp\u00e4rist\u00f6ss\u00e4 voidaan saada tietoja yhteisty\u00f6kumppaneiden sivustoista, tietoj\u00e4rjestelmist\u00e4 tai muista digitaalisista l\u00e4hteist\u00e4, joihin kirjaudutaan s\u00e4hk\u00f6isen kutsun kautta (linkki), ev\u00e4steiden kautta tai k\u00e4ytt\u00e4m\u00e4ll\u00e4 asiakkaille annettuja tunnuksia.<\/p>\n\n\n\n<p>Asiakasrekisterin tiedot ovat ainoastaan yrityksen k\u00e4yt\u00f6ss\u00e4, paitsi k\u00e4ytt\u00e4ess\u00e4 ulkoista palveluntarjoajaa joko lis\u00e4arvopalvelun tuottamiseen tai luottop\u00e4\u00e4t\u00f6ksen tueksi.<\/p>\n\n\n\n<p>Tietoja ei luovuteta yrityksen ulkopuolelle tai sen yhteisty\u00f6kumppaneiden k\u00e4ytt\u00f6\u00f6n, paitsi luottohakemukseen, perint\u00e4\u00e4n tai laskutukseen liittyviss\u00e4 asioissa sek\u00e4 lains\u00e4\u00e4d\u00e4nn\u00f6n velvoittaessa. Henkil\u00f6tietoja ei siirret\u00e4 Euroopan Unionin ulkopuolelle, ellei se ole yrityksen tai sen yhteisty\u00f6kumppanin teknisen toteutuksen varmistamiseksi tarpeellista.<\/p>\n\n\n\n<p>Rekister\u00f6ityneen henkil\u00f6tiedot h\u00e4vitet\u00e4\u00e4n k\u00e4ytt\u00e4j\u00e4n pyynn\u00f6st\u00e4 ellei lains\u00e4\u00e4d\u00e4nt\u00f6, avoimet laskut tai perint\u00e4toimet est\u00e4 tietojen poistamista.<\/p>\n\n\n\n<p><strong>Tietojen s\u00e4\u00e4nn\u00f6nmukaiset<\/strong> <strong>luovutukset<\/strong><\/p>\n\n\n\n<p>Asiakasrekisterin tiedot ovat ainoastaan yrityksen k\u00e4yt\u00f6ss\u00e4, paitsi k\u00e4ytt\u00e4ess\u00e4 ulkoista palveluntarjoajaa joko lis\u00e4arvopalvelun tuottamiseen tai luottop\u00e4\u00e4t\u00f6ksen tueksi.<\/p>\n\n\n\n<p>Tietoja ei luovuteta yrityksen ulkopuolelle tai sen yhteisty\u00f6kumppaneiden k\u00e4ytt\u00f6\u00f6n, paitsi luottohakemukseen, perint\u00e4\u00e4n tai laskutukseen liittyviss\u00e4 asioissa sek\u00e4 lains\u00e4\u00e4d\u00e4nn\u00f6n velvoittaessa.<\/p>\n\n\n\n<p>Rekister\u00f6ityneen henkil\u00f6tiedot h\u00e4vitet\u00e4\u00e4n k\u00e4ytt\u00e4j\u00e4n pyynn\u00f6st\u00e4 ellei lains\u00e4\u00e4d\u00e4nt\u00f6, avoimet laskut tai perint\u00e4toimet est\u00e4 tietojen poistamista.<\/p>\n\n\n\n<p><strong>Tietojen siirto EU:n tai<\/strong> <strong>ETA:n ulkopuolelle<\/strong><\/p>\n\n\n\n<p>Henkil\u00f6tietoja ei siirret\u00e4 Euroopan Unionin ulkopuolelle, ellei se ole yrityksen tai sen yhteisty\u00f6kumppanin teknisen toteutuksen varmistamiseksi tarpeellista.<\/p>\n\n\n\n<p><strong>Rekisterin suojauksen<\/strong> <strong>periaatteet <\/strong><strong>A: Manuaalinen<\/strong> <strong>aineisto<\/strong><\/p>\n\n\n\n<p>Asiakastapahtumissa ker\u00e4tt\u00e4v\u00e4t yhteystiedot ja muut manuaalisesti k\u00e4sitelt\u00e4v\u00e4t asiakastietoja sis\u00e4lt\u00e4v\u00e4t asiakirjat s\u00e4ilytet\u00e4\u00e4n alkuk\u00e4sittelyn j\u00e4lkeen lukituissa ja paloturvallisissa s\u00e4ilytystiloissa. Ainoastaan m\u00e4\u00e4r\u00e4tyill\u00e4 ty\u00f6ntekij\u00f6ill\u00e4 on oikeus k\u00e4sitell\u00e4 manuaalisesti tallennettuja asiakastietoja.<\/p>\n\n\n\n<p><strong>Rekisterin suojauksen<\/strong> <strong>periaatteet B: ATK:lla<\/strong> <strong>k\u00e4sitelt\u00e4v\u00e4t toiminnot<\/strong><\/p>\n\n\n\n<p>Ainoastaan m\u00e4\u00e4r\u00e4tyill\u00e4 yrityksen ja sen lukuun toimivien yritysten ty\u00f6ntekij\u00f6ill\u00e4 on oikeus k\u00e4ytt\u00e4\u00e4 asiakasomistaja- ja asiakasrekisteri\u00e4 ja yll\u00e4pit\u00e4\u00e4 sen tietoja. Kullakin m\u00e4\u00e4ritellyll\u00e4 k\u00e4ytt\u00e4j\u00e4ll\u00e4 on omahenkil\u00f6kohtainen k\u00e4ytt\u00e4j\u00e4tunnus ja salasana.<\/p>\n\n\n\n<p>Jokainen k\u00e4ytt\u00e4j\u00e4 on allekirjoittanut ty\u00f6sopimuksen yhteydess\u00e4 salassapitosopimuksen. J\u00e4rjestelm\u00e4 on suojattu palomuurilla, joka suojaa ulkopuolelta tulevia yhteydenottoja j\u00e4rjestelm\u00e4\u00e4n.<\/p>\n\n\n\n<p><strong>Ev\u00e4steet<\/strong><\/p>\n\n\n\n<p><strong>Tarkastusoikeus<\/strong><\/p>\n\n\n\n<p>Rekister\u00f6idyll\u00e4 on oikeus tarkistaa, mit\u00e4 tietoja h\u00e4nest\u00e4 on rekisteriss\u00e4.<\/p>\n\n\n\n<p>Tarkastuspyynt\u00f6 tulee tehd\u00e4 kirjallisena ottamalla yhteys yrityksen asiakaspalveluun tai rekisterin yhteyshenkil\u00f6\u00f6n suomeksi tai englanniksi.<\/p>\n\n\n\n<p>Tarkastuspyynt\u00f6 on allekirjoitettava.<\/p>\n\n\n\n<p>Rekister\u00f6idyll\u00e4 on oikeus kielt\u00e4\u00e4 tietojensa k\u00e4sittely ja luovuttaminen suoramainontaa, et\u00e4myynti\u00e4 ja suoramarkkinointia sek\u00e4 markkina- ja mielipidetutkimusta varten ottamalla yhteys yrityksen asiakaspalvelupisteeseen.<\/p>\n\n\n\n<p><strong>Oikeus vaatia tiedon<\/strong> <strong>korjaamista<\/strong><\/p>\n\n\n\n<p>Rekisteriss\u00e4 oleva, k\u00e4sittelyn tarkoituksen kannalta virheellinen, tarpeeton, puutteellinen tai vanhentunut henkil\u00f6tieto on oikaistava, poistettava tai t\u00e4ydennett\u00e4v\u00e4.<\/p>\n\n\n\n<p>Korjauspyynt\u00f6 tulee tehd\u00e4 omak\u00e4tisesti allekirjoitetulla kirjallisella pyynn\u00f6ll\u00e4 yrityksen asiakaspalveluun tai henkil\u00f6rekisterin yll\u00e4pit\u00e4j\u00e4lle.<\/p>\n\n\n\n<p>Pyynn\u00f6ss\u00e4 tulee yksil\u00f6id\u00e4 mit\u00e4 tietoja vaaditaan korjattavaksi ja mill\u00e4 perusteella. Korjaaminen toteutetaan viivytyksett\u00e4.<\/p>\n\n\n\n<p>Virheen korjaamisesta ilmoitetaan sille, jolta virheelliset tiedot on saatu tai jolle tiedot on luovutettu.<\/p>\n\n\n\n<p>Korjauspyynn\u00f6n ep\u00e4\u00e4misest\u00e4 rekisterin vastuuhenkil\u00f6 antaa kirjallisen todistuksen, jossa mainitaan syyt, joiden vuoksi korjauspyynt\u00f6 on ev\u00e4tty.<\/p>\n\n\n\n<p>Asianomainen voi saattaa ep\u00e4\u00e4misen tietosuojavaltuutetun ratkaistavaksi.<\/p>\n\n\n\n<p><strong>Muut henkil\u00f6tietojen<\/strong> <strong>k\u00e4sittelyyn liittyv\u00e4t<\/strong> <strong>oikeudet<\/strong><\/p>\n\n\n\n<p>Rekister\u00f6idyll\u00e4 on oikeus kielt\u00e4\u00e4 tietojensa luovuttaminen ja k\u00e4sittely suoramainontaa ja muuta markkinointia varten, vaatia tietojen anonymisointia soveltuvin osin sek\u00e4 oikeus tulla kokonaan unohdetuksi.<\/p>\n","protected":false},"excerpt":{"rendered":"<p>Laatimisp\u00e4iv\u00e4 04.01.2018 Rekisterinpit\u00e4j\u00e4 Juhola Asset Management Oy Yhteyshenkil\u00f6 rekisteri\u00e4 koskevissa&hellip;<\/p>\n","protected":false},"author":1,"featured_media":0,"parent":0,"menu_order":0,"comment_status":"closed","ping_status":"closed","template":"","meta":{"footnotes":""},"class_list":["post-4334","page","type-page","status-publish","hentry"],"_links":{"self":[{"href":"https:\/\/www.juhola.com\/en\/wp-json\/wp\/v2\/pages\/4334","targetHints":{"allow":["GET"]}}],"collection":[{"href":"https:\/\/www.juhola.com\/en\/wp-json\/wp\/v2\/pages"}],"about":[{"href":"https:\/\/www.juhola.com\/en\/wp-json\/wp\/v2\/types\/page"}],"author":[{"embeddable":true,"href":"https:\/\/www.juhola.com\/en\/wp-json\/wp\/v2\/users\/1"}],"replies":[{"embeddable":true,"href":"https:\/\/www.juhola.com\/en\/wp-json\/wp\/v2\/comments?post=4334"}],"version-history":[{"count":0,"href":"https:\/\/www.juhola.com\/en\/wp-json\/wp\/v2\/pages\/4334\/revisions"}],"wp:attachment":[{"href":"https:\/\/www.juhola.com\/en\/wp-json\/wp\/v2\/media?parent=4334"}],"curies":[{"name":"wp","href":"https:\/\/api.w.org\/{rel}","templated":true}]}}